{"id":443,"date":"2024-10-01T09:52:20","date_gmt":"2024-10-01T09:52:20","guid":{"rendered":"https:\/\/nq6d5fbvtvi.preview.infomaniak.website\/?page_id=443"},"modified":"2025-10-26T10:00:22","modified_gmt":"2025-10-26T10:00:22","slug":"domaines-d-activite","status":"publish","type":"page","link":"https:\/\/docteurbauchau.be\/nl\/domaines-d-activite\/","title":{"rendered":"Activiteitsgebieden"},"content":{"rendered":"<div data-elementor-type=\"wp-page\" data-elementor-id=\"443\" class=\"elementor elementor-443\" data-elementor-post-type=\"page\">\n\t\t\t\t<div class=\"has_ae_slider elementor-element elementor-element-c93b580 e-flex e-con-boxed ae-bg-gallery-type-default elementor-invisible e-con e-parent\" data-id=\"c93b580\" data-element_type=\"container\" data-e-type=\"container\" data-settings=\"{&quot;animation&quot;:&quot;fadeIn&quot;}\">\n\t\t\t\t\t<div class=\"e-con-inner\">\n\t\t\t\t<div class=\"elementor-element elementor-element-cf5d320 elementor-widget elementor-widget-heading\" data-id=\"cf5d320\" data-element_type=\"widget\" data-e-type=\"widget\" data-widget_type=\"heading.default\">\n\t\t\t\t<div class=\"elementor-widget-container\">\n\t\t\t\t\t<h1 class=\"elementor-heading-title elementor-size-default\">Activiteitsgebieden<\/h1>\t\t\t\t<\/div>\n\t\t\t\t<\/div>\n\t\t\t\t<div class=\"elementor-element elementor-element-a97b156 elementor-widget elementor-widget-text-editor\" data-id=\"a97b156\" data-element_type=\"widget\" data-e-type=\"widget\" data-widget_type=\"text-editor.default\">\n\t\t\t\t<div class=\"elementor-widget-container\">\n\t\t\t\t\t\t\t\t\t<p>Algemene oogheelkunde - Refractiechirurgie - Cataractchirurgie<\/p>\t\t\t\t\t\t\t\t<\/div>\n\t\t\t\t<\/div>\n\t\t\t\t\t<\/div>\n\t\t\t\t<\/div>\n\t\t<div class=\"has_ae_slider elementor-element elementor-element-55150ca e-flex e-con-boxed ae-bg-gallery-type-default e-con e-parent\" data-id=\"55150ca\" data-element_type=\"container\" data-e-type=\"container\">\n\t\t\t\t\t<div class=\"e-con-inner\">\n\t\t<div class=\"has_ae_slider elementor-element elementor-element-639b9fb e-con-full e-flex ae-bg-gallery-type-default elementor-invisible e-con e-child\" data-id=\"639b9fb\" data-element_type=\"container\" data-e-type=\"container\" data-settings=\"{&quot;animation&quot;:&quot;fadeInLeft&quot;}\">\n\t\t<div class=\"has_ae_slider elementor-element elementor-element-39d43e1 e-con-full e-flex ae-bg-gallery-type-default e-con e-child\" data-id=\"39d43e1\" data-element_type=\"container\" data-e-type=\"container\" data-settings=\"{&quot;background_background&quot;:&quot;classic&quot;}\">\n\t\t<div class=\"has_ae_slider elementor-element elementor-element-afb01fe e-con-full e-flex ae-bg-gallery-type-default e-con e-child\" data-id=\"afb01fe\" data-element_type=\"container\" data-e-type=\"container\">\n\t\t\t\t<div class=\"elementor-element elementor-element-129af70 elementor-widget elementor-widget-text-editor\" data-id=\"129af70\" data-element_type=\"widget\" data-e-type=\"widget\" data-widget_type=\"text-editor.default\">\n\t\t\t\t<div class=\"elementor-widget-container\">\n\t\t\t\t\t\t\t\t\t<h2><strong>Algemene oogheelkunde<\/strong><\/h2>\t\t\t\t\t\t\t\t<\/div>\n\t\t\t\t<\/div>\n\t\t\t\t<div class=\"elementor-element elementor-element-ccc73ae elementor-widget elementor-widget-text-editor\" data-id=\"ccc73ae\" data-element_type=\"widget\" data-e-type=\"widget\" data-widget_type=\"text-editor.default\">\n\t\t\t\t<div class=\"elementor-widget-container\">\n\t\t\t\t\t\t\t\t\t<ul><li>Screening op bijziendheid, verziendheid, presbyopie en astigmatisme<\/li><li>Netvliesaandoeningen (<em><a href=\"https:\/\/docteurbauchau.be\/nl\/degenerescence-maculaire\/\">leeftijdsgebonden maculadegeneratie (AMD)<\/a>), <a href=\"https:\/\/docteurbauchau.be\/nl\/la-retinopathie-diabetique\/\">diabetische retinopathie<\/a>, <a href=\"https:\/\/docteurbauchau.be\/nl\/occlusion-veine-retinienne\/\">retinale vene occlusie<\/a>, <a href=\"https:\/\/docteurbauchau.be\/nl\/decollement-posterieur-du-vitre\/\">achterste glasvochtloslating<\/a><\/em>), intravitreale injecties, OCT en fluoangiografie<\/li><li><em><a href=\"https:\/\/docteurbauchau.be\/nl\/glaucome-angle-ouvert-ferme\/\">Open of gesloten hoekglaucoom<\/a><\/em><\/li><li>Droge ogen, blefaritis, conjunctivitis<\/li><li>Chalazion<\/li><li>Vervorming van het hoornvlies (<em><a href=\"https:\/\/docteurbauchau.be\/nl\/keratocone\/\">keratoconus<\/a><\/em>)<\/li><li>Uve\u00eftis<\/li><\/ul>\t\t\t\t\t\t\t\t<\/div>\n\t\t\t\t<\/div>\n\t\t\t\t<\/div>\n\t\t\t\t<\/div>\n\t\t<div class=\"has_ae_slider elementor-element elementor-element-1a1ac02 e-con-full e-flex ae-bg-gallery-type-default e-con e-child\" data-id=\"1a1ac02\" data-element_type=\"container\" data-e-type=\"container\" data-settings=\"{&quot;background_background&quot;:&quot;classic&quot;}\">\n\t\t<div class=\"has_ae_slider elementor-element elementor-element-3bcada0 e-con-full e-flex ae-bg-gallery-type-default e-con e-child\" data-id=\"3bcada0\" data-element_type=\"container\" data-e-type=\"container\">\n\t\t\t\t<div class=\"elementor-element elementor-element-d8edf9f elementor-widget elementor-widget-text-editor\" data-id=\"d8edf9f\" data-element_type=\"widget\" data-e-type=\"widget\" data-widget_type=\"text-editor.default\">\n\t\t\t\t<div class=\"elementor-widget-container\">\n\t\t\t\t\t\t\t\t\t<h2><strong>Refractieve laserchirurgie om bijziendheid, verziendheid en astigmatisme te corrigeren<\/strong><\/h2>\t\t\t\t\t\t\t\t<\/div>\n\t\t\t\t<\/div>\n\t\t\t\t<div class=\"elementor-element elementor-element-7d38bb3 elementor-widget elementor-widget-text-editor\" data-id=\"7d38bb3\" data-element_type=\"widget\" data-e-type=\"widget\" data-widget_type=\"text-editor.default\">\n\t\t\t\t<div class=\"elementor-widget-container\">\n\t\t\t\t\t\t\t\t\t<ul><li><em><a href=\"https:\/\/docteurbauchau.be\/nl\/pkr\/\">PKR<\/a><\/em><\/li><li><em><a href=\"https:\/\/docteurbauchau.be\/nl\/pkr\/\">Trans-PKR<\/a><\/em><\/li><li><em><a href=\"https:\/\/docteurbauchau.be\/nl\/lasik\/\">LASIK<\/a><\/em><\/li><\/ul>\t\t\t\t\t\t\t\t<\/div>\n\t\t\t\t<\/div>\n\t\t\t\t<\/div>\n\t\t\t\t<\/div>\n\t\t<div class=\"has_ae_slider elementor-element elementor-element-cf8db97 e-con-full e-flex ae-bg-gallery-type-default e-con e-child\" data-id=\"cf8db97\" data-element_type=\"container\" data-e-type=\"container\" data-settings=\"{&quot;background_background&quot;:&quot;classic&quot;}\">\n\t\t<div class=\"has_ae_slider elementor-element elementor-element-02e843c e-con-full e-flex ae-bg-gallery-type-default e-con e-child\" data-id=\"02e843c\" data-element_type=\"container\" data-e-type=\"container\">\n\t\t\t\t<div class=\"elementor-element elementor-element-c7e7901 elementor-widget elementor-widget-text-editor\" data-id=\"c7e7901\" data-element_type=\"widget\" data-e-type=\"widget\" data-widget_type=\"text-editor.default\">\n\t\t\t\t<div class=\"elementor-widget-container\">\n\t\t\t\t\t\t\t\t\t<h2><strong><a href=\"https:\/\/docteurbauchau.be\/nl\/chirurgie-cataracte\/\">Staaroperatie<\/a><\/strong><\/h2>\t\t\t\t\t\t\t\t<\/div>\n\t\t\t\t<\/div>\n\t\t\t\t<div class=\"elementor-element elementor-element-a65d22c elementor-widget elementor-widget-text-editor\" data-id=\"a65d22c\" data-element_type=\"widget\" data-e-type=\"widget\" data-widget_type=\"text-editor.default\">\n\t\t\t\t<div class=\"elementor-widget-container\">\n\t\t\t\t\t\t\t\t\t<ul><li><em><a href=\"https:\/\/docteurbauchau.be\/nl\/implants-monofocaux\/\">Monofocaal implantaat<\/a><\/em><\/li><li><em><a href=\"https:\/\/docteurbauchau.be\/nl\/implants-toriques\/\">Torisch implantaat<\/a><\/em><\/li><li><em><a href=\"https:\/\/docteurbauchau.be\/nl\/implants-multifocaux\/\">Multifocaal implantaat<\/a><\/em><\/li><\/ul>\t\t\t\t\t\t\t\t<\/div>\n\t\t\t\t<\/div>\n\t\t\t\t<\/div>\n\t\t\t\t<\/div>\n\t\t\t\t<\/div>\n\t\t<div class=\"has_ae_slider elementor-element elementor-element-d533734 e-con-full elementor-hidden-tablet elementor-hidden-mobile e-flex ae-bg-gallery-type-default elementor-invisible e-con e-child\" data-id=\"d533734\" data-element_type=\"container\" data-e-type=\"container\" data-settings=\"{&quot;background_background&quot;:&quot;classic&quot;,&quot;animation&quot;:&quot;fadeInRight&quot;}\">\n\t\t\t\t<\/div>\n\t\t\t\t\t<\/div>\n\t\t\t\t<\/div>\n\t\t<div class=\"has_ae_slider elementor-element elementor-element-ca43129 e-con-full e-flex ae-bg-gallery-type-default e-con e-parent\" data-id=\"ca43129\" data-element_type=\"container\" data-e-type=\"container\" data-settings=\"{&quot;background_background&quot;:&quot;classic&quot;}\">\n\t\t\t\t<\/div>\n\t\t\t\t<\/div>","protected":false},"excerpt":{"rendered":"<p>Domaines d&rsquo;activit\u00e9s Ophtalmologie g\u00e9n\u00e9rale &#8211; Chirurgie r\u00e9fractive &#8211;\u00a0Chirurgie de la cataracte Ophtalmologie g\u00e9n\u00e9rale D\u00e9pistage de myopie, hyperm\u00e9tropie, presbytie, astigmatisme Affections de la r\u00e9tine (d\u00e9g\u00e9n\u00e9rescence maculaire li\u00e9e \u00e0 l\u2019\u00e2ge (DMLA), r\u00e9tinopathie diab\u00e9tique, occlusion de veine de la r\u00e9tine, d\u00e9collement post\u00e9rieur du vitr\u00e9), injections intra-vitr\u00e9ennes, OCT et fluoangiographies Glaucome \u00e0 angle ouvert ou ferm\u00e9 S\u00e8cheresse oculaire, bl\u00e9pharite, [&hellip;]<\/p>\n","protected":false},"author":1,"featured_media":0,"parent":0,"menu_order":0,"comment_status":"closed","ping_status":"closed","template":"","meta":{"_acf_changed":false,"footnotes":""},"class_list":["post-443","page","type-page","status-publish","hentry"],"acf":[],"_links":{"self":[{"href":"https:\/\/docteurbauchau.be\/nl\/wp-json\/wp\/v2\/pages\/443","targetHints":{"allow":["GET"]}}],"collection":[{"href":"https:\/\/docteurbauchau.be\/nl\/wp-json\/wp\/v2\/pages"}],"about":[{"href":"https:\/\/docteurbauchau.be\/nl\/wp-json\/wp\/v2\/types\/page"}],"author":[{"embeddable":true,"href":"https:\/\/docteurbauchau.be\/nl\/wp-json\/wp\/v2\/users\/1"}],"replies":[{"embeddable":true,"href":"https:\/\/docteurbauchau.be\/nl\/wp-json\/wp\/v2\/comments?post=443"}],"version-history":[{"count":158,"href":"https:\/\/docteurbauchau.be\/nl\/wp-json\/wp\/v2\/pages\/443\/revisions"}],"predecessor-version":[{"id":3720,"href":"https:\/\/docteurbauchau.be\/nl\/wp-json\/wp\/v2\/pages\/443\/revisions\/3720"}],"wp:attachment":[{"href":"https:\/\/docteurbauchau.be\/nl\/wp-json\/wp\/v2\/media?parent=443"}],"curies":[{"name":"wp","href":"https:\/\/api.w.org\/{rel}","templated":true}]}}