{"id":27,"date":"2024-09-23T11:41:35","date_gmt":"2024-09-23T11:41:35","guid":{"rendered":"https:\/\/nq6d5fbvtvi.preview.infomaniak.website\/?page_id=27"},"modified":"2025-11-03T10:15:56","modified_gmt":"2025-11-03T10:15:56","slug":"a-propos","status":"publish","type":"page","link":"https:\/\/docteurbauchau.be\/nl\/a-propos\/","title":{"rendered":"Over Dr Bauchau"},"content":{"rendered":"<div data-elementor-type=\"wp-page\" data-elementor-id=\"27\" class=\"elementor elementor-27\" data-elementor-post-type=\"page\">\n\t\t\t\t<div class=\"has_ae_slider elementor-element elementor-element-3acbda9 e-flex e-con-boxed ae-bg-gallery-type-default e-con e-parent\" data-id=\"3acbda9\" data-element_type=\"container\" data-e-type=\"container\">\n\t\t\t\t\t<div class=\"e-con-inner\">\n\t\t<div class=\"has_ae_slider elementor-element elementor-element-38a4996 e-con-full e-flex ae-bg-gallery-type-default e-con e-child\" data-id=\"38a4996\" data-element_type=\"container\" data-e-type=\"container\" data-settings=\"{&quot;background_background&quot;:&quot;classic&quot;}\">\n\t\t\t\t<div class=\"elementor-element elementor-element-ef44c5e elementor-invisible elementor-widget elementor-widget-heading\" data-id=\"ef44c5e\" data-element_type=\"widget\" data-e-type=\"widget\" data-settings=\"{&quot;_animation&quot;:&quot;fadeInRight&quot;}\" data-widget_type=\"heading.default\">\n\t\t\t\t<div class=\"elementor-widget-container\">\n\t\t\t\t\t<h1 class=\"elementor-heading-title elementor-size-default\">Over dokter Jean-Charles Bauchau<\/h1>\t\t\t\t<\/div>\n\t\t\t\t<\/div>\n\t\t\t\t<div class=\"elementor-element elementor-element-e911a59 elementor-invisible elementor-widget elementor-widget-text-editor\" data-id=\"e911a59\" data-element_type=\"widget\" data-e-type=\"widget\" data-settings=\"{&quot;_animation&quot;:&quot;fadeInRight&quot;}\" data-widget_type=\"text-editor.default\">\n\t\t\t\t<div class=\"elementor-widget-container\">\n\t\t\t\t\t\t\t\t\t<p>Dr Bauchau studeerde geneeskunde aan <strong>Katholieke Universiteit Leuven (Brussel)<\/strong>, waar hij met grote onderscheiding afstudeerde. Daarna specialiseerde hij zich in oogheelkunde in verschillende instellingen in Belgi\u00eb en Frankrijk, met name in de <strong>Universitaire ziekenhuizen Saint-Luc<\/strong> en <strong>Universitair ziekenhuis Mont-Godinne<\/strong>.<\/p><p>Na afronding van zijn opleiding ging Dr Bauchau werken bij <strong>Fondation Adolphe de Rothschild <\/strong>in Parijs, waar hij zich focust op chirurgie van het voorste segment, in het bijzonder hoornvlieschirurgie, staarchirurgie en refractieve chirurgie, als onderdeel van het team van professor Damien Gatinel.<\/p><p>Zijn chirurgische vaardigheden werden gecompleteerd door het behalen van een <strong>Interuniversitair diploma in refractieve chirurgie en cataractchirurgie<\/strong>, aan de universiteit van Cochin in Parijs.<\/p><p>Daarnaast is hij gecertificeerd in \u2018Klinische Oogheelkunde\u2019 door <strong>de International Council of Ophtalmology.<\/strong><\/p><p>Dr Bauchau is momenteel werkzaam als<strong>oogarts in Brussel <\/strong>(Sint-Pieters-Woluwe, Etterbeek en Tervuren).<\/p>\t\t\t\t\t\t\t\t<\/div>\n\t\t\t\t<\/div>\n\t\t\t\t<\/div>\n\t\t<div class=\"has_ae_slider elementor-element elementor-element-75d8a11 e-con-full e-flex ae-bg-gallery-type-default elementor-invisible e-con e-child\" data-id=\"75d8a11\" data-element_type=\"container\" data-e-type=\"container\" data-settings=\"{&quot;background_background&quot;:&quot;classic&quot;,&quot;animation&quot;:&quot;fadeInRight&quot;}\">\n\t\t\t\t<div class=\"elementor-element elementor-element-3b010f7 elementor-widget elementor-widget-image\" data-id=\"3b010f7\" data-element_type=\"widget\" data-e-type=\"widget\" data-widget_type=\"image.default\">\n\t\t\t\t<div class=\"elementor-widget-container\">\n\t\t\t\t\t\t\t\t\t\t\t\t\t\t\t<img fetchpriority=\"high\" decoding=\"async\" width=\"655\" height=\"1024\" src=\"https:\/\/docteurbauchau.be\/wp-content\/uploads\/2025\/10\/jean-charles-bauchau-page-0001-68fc9ade46bbd-scaled-e1761385235365-655x1024.webp\" class=\"attachment-large size-large wp-image-3738\" alt=\"\" srcset=\"https:\/\/docteurbauchau.be\/wp-content\/uploads\/2025\/10\/jean-charles-bauchau-page-0001-68fc9ade46bbd-scaled-e1761385235365-655x1024.webp 655w, https:\/\/docteurbauchau.be\/wp-content\/uploads\/2025\/10\/jean-charles-bauchau-page-0001-68fc9ade46bbd-scaled-e1761385235365-192x300.webp 192w, https:\/\/docteurbauchau.be\/wp-content\/uploads\/2025\/10\/jean-charles-bauchau-page-0001-68fc9ade46bbd-scaled-e1761385235365-768x1201.webp 768w, https:\/\/docteurbauchau.be\/wp-content\/uploads\/2025\/10\/jean-charles-bauchau-page-0001-68fc9ade46bbd-scaled-e1761385235365-8x12.webp 8w, https:\/\/docteurbauchau.be\/wp-content\/uploads\/2025\/10\/jean-charles-bauchau-page-0001-68fc9ade46bbd-scaled-e1761385235365.webp 922w\" sizes=\"(max-width: 655px) 100vw, 655px\" \/>\t\t\t\t\t\t\t\t\t\t\t\t\t\t\t<\/div>\n\t\t\t\t<\/div>\n\t\t\t\t<\/div>\n\t\t\t\t\t<\/div>\n\t\t\t\t<\/div>\n\t\t<div class=\"has_ae_slider elementor-element elementor-element-60f331e e-con-full e-flex ae-bg-gallery-type-default e-con e-parent\" data-id=\"60f331e\" data-element_type=\"container\" data-e-type=\"container\">\n\t\t<div class=\"has_ae_slider elementor-element elementor-element-fcf84ee e-con-full e-flex ae-bg-gallery-type-default e-con e-child\" data-id=\"fcf84ee\" data-element_type=\"container\" data-e-type=\"container\" data-settings=\"{&quot;background_background&quot;:&quot;classic&quot;}\">\n\t\t\t\t<\/div>\n\t\t\t\t<\/div>\n\t\t\t\t<\/div>","protected":false},"excerpt":{"rendered":"<p>A propos du Docteur Jean-Charles Bauchau Le Dr Bauchau a \u00e9tudi\u00e9 la m\u00e9decine \u00e0 l&rsquo;Universit\u00e9 Catholique de Louvain (Bruxelles), o\u00f9 il a obtenu son dipl\u00f4me avec grande distinction. Il se sp\u00e9cialise ensuite en ophtalmologie au sein de divers \u00e9tablissements en Belgique et en France, notamment aux Cliniques Universitaires Saint-Luc et au Centre Hospitalier Universitaire Mont-Godinne. [&hellip;]<\/p>\n","protected":false},"author":1,"featured_media":0,"parent":0,"menu_order":0,"comment_status":"closed","ping_status":"closed","template":"","meta":{"_acf_changed":false,"footnotes":""},"class_list":["post-27","page","type-page","status-publish","hentry"],"acf":[],"_links":{"self":[{"href":"https:\/\/docteurbauchau.be\/nl\/wp-json\/wp\/v2\/pages\/27","targetHints":{"allow":["GET"]}}],"collection":[{"href":"https:\/\/docteurbauchau.be\/nl\/wp-json\/wp\/v2\/pages"}],"about":[{"href":"https:\/\/docteurbauchau.be\/nl\/wp-json\/wp\/v2\/types\/page"}],"author":[{"embeddable":true,"href":"https:\/\/docteurbauchau.be\/nl\/wp-json\/wp\/v2\/users\/1"}],"replies":[{"embeddable":true,"href":"https:\/\/docteurbauchau.be\/nl\/wp-json\/wp\/v2\/comments?post=27"}],"version-history":[{"count":156,"href":"https:\/\/docteurbauchau.be\/nl\/wp-json\/wp\/v2\/pages\/27\/revisions"}],"predecessor-version":[{"id":3795,"href":"https:\/\/docteurbauchau.be\/nl\/wp-json\/wp\/v2\/pages\/27\/revisions\/3795"}],"wp:attachment":[{"href":"https:\/\/docteurbauchau.be\/nl\/wp-json\/wp\/v2\/media?parent=27"}],"curies":[{"name":"wp","href":"https:\/\/api.w.org\/{rel}","templated":true}]}}