{"id":27,"date":"2024-09-23T11:41:35","date_gmt":"2024-09-23T11:41:35","guid":{"rendered":"https:\/\/nq6d5fbvtvi.preview.infomaniak.website\/?page_id=27"},"modified":"2025-11-03T10:15:56","modified_gmt":"2025-11-03T10:15:56","slug":"a-propos","status":"publish","type":"page","link":"https:\/\/docteurbauchau.be\/en\/a-propos\/","title":{"rendered":"About Dr Bauchau"},"content":{"rendered":"<div data-elementor-type=\"wp-page\" data-elementor-id=\"27\" class=\"elementor elementor-27\" data-elementor-post-type=\"page\">\n\t\t\t\t<div class=\"has_ae_slider elementor-element elementor-element-3acbda9 e-flex e-con-boxed ae-bg-gallery-type-default e-con e-parent\" data-id=\"3acbda9\" data-element_type=\"container\" data-e-type=\"container\">\n\t\t\t\t\t<div class=\"e-con-inner\">\n\t\t<div class=\"has_ae_slider elementor-element elementor-element-38a4996 e-con-full e-flex ae-bg-gallery-type-default e-con e-child\" data-id=\"38a4996\" data-element_type=\"container\" data-e-type=\"container\" data-settings=\"{&quot;background_background&quot;:&quot;classic&quot;}\">\n\t\t\t\t<div class=\"elementor-element elementor-element-ef44c5e elementor-invisible elementor-widget elementor-widget-heading\" data-id=\"ef44c5e\" data-element_type=\"widget\" data-e-type=\"widget\" data-settings=\"{&quot;_animation&quot;:&quot;fadeInRight&quot;}\" data-widget_type=\"heading.default\">\n\t\t\t\t<div class=\"elementor-widget-container\">\n\t\t\t\t\t<h1 class=\"elementor-heading-title elementor-size-default\">About Doctor Jean-Charles Bauchau<\/h1>\t\t\t\t<\/div>\n\t\t\t\t<\/div>\n\t\t\t\t<div class=\"elementor-element elementor-element-e911a59 elementor-invisible elementor-widget elementor-widget-text-editor\" data-id=\"e911a59\" data-element_type=\"widget\" data-e-type=\"widget\" data-settings=\"{&quot;_animation&quot;:&quot;fadeInRight&quot;}\" data-widget_type=\"text-editor.default\">\n\t\t\t\t<div class=\"elementor-widget-container\">\n\t\t\t\t\t\t\t\t\t<p>Dr Bauchau studied medicine at <strong>Universit\u00e9 Catholique de Louvain (Brussels)<\/strong>, where he graduated with great distinction. Then, he went on to specialise in ophthalmology in various establishments in Belgium and France, notably in the <strong>Cliniques Universitaires Saint-Luc<\/strong> and <strong>Mont-Godinne University Hospital<\/strong>.<\/p><p>Following his training, Dr Bauchau joined <strong>Adolphe de Rothschild Foundation Hospital <\/strong>in Paris, where he focuses on anterior segment surgery, in particular corneal surgery, cataract surgery and refractive surgery, as part of Professor Damien Gatinel's team.<\/p><p>His surgical skills were rounded out by obtaining an <strong>Interuniversity Diploma in Refractive Surgery and Cataract Surgery<\/strong>, at the University of Cochin in Paris.<\/p><p>In addition, he has obtained certification in \u2018Clinical Ophthalmology\u2019 issued by <strong>the International Council of Ophthalmology.<\/strong><\/p><p>Dr Bauchau is currently practising as<strong>ophthalmologist in Brussels <\/strong>(Woluw\u00e9-Saint-Pierre, Etterbeek and Tervuren).<\/p>\t\t\t\t\t\t\t\t<\/div>\n\t\t\t\t<\/div>\n\t\t\t\t<\/div>\n\t\t<div class=\"has_ae_slider elementor-element elementor-element-75d8a11 e-con-full e-flex ae-bg-gallery-type-default elementor-invisible e-con e-child\" data-id=\"75d8a11\" data-element_type=\"container\" data-e-type=\"container\" data-settings=\"{&quot;background_background&quot;:&quot;classic&quot;,&quot;animation&quot;:&quot;fadeInRight&quot;}\">\n\t\t\t\t<div class=\"elementor-element elementor-element-3b010f7 elementor-widget elementor-widget-image\" data-id=\"3b010f7\" data-element_type=\"widget\" data-e-type=\"widget\" data-widget_type=\"image.default\">\n\t\t\t\t<div class=\"elementor-widget-container\">\n\t\t\t\t\t\t\t\t\t\t\t\t\t\t\t<img fetchpriority=\"high\" decoding=\"async\" width=\"655\" height=\"1024\" src=\"https:\/\/docteurbauchau.be\/wp-content\/uploads\/2025\/10\/jean-charles-bauchau-page-0001-68fc9ade46bbd-scaled-e1761385235365-655x1024.webp\" class=\"attachment-large size-large wp-image-3738\" alt=\"\" srcset=\"https:\/\/docteurbauchau.be\/wp-content\/uploads\/2025\/10\/jean-charles-bauchau-page-0001-68fc9ade46bbd-scaled-e1761385235365-655x1024.webp 655w, https:\/\/docteurbauchau.be\/wp-content\/uploads\/2025\/10\/jean-charles-bauchau-page-0001-68fc9ade46bbd-scaled-e1761385235365-192x300.webp 192w, https:\/\/docteurbauchau.be\/wp-content\/uploads\/2025\/10\/jean-charles-bauchau-page-0001-68fc9ade46bbd-scaled-e1761385235365-768x1201.webp 768w, https:\/\/docteurbauchau.be\/wp-content\/uploads\/2025\/10\/jean-charles-bauchau-page-0001-68fc9ade46bbd-scaled-e1761385235365-8x12.webp 8w, https:\/\/docteurbauchau.be\/wp-content\/uploads\/2025\/10\/jean-charles-bauchau-page-0001-68fc9ade46bbd-scaled-e1761385235365.webp 922w\" sizes=\"(max-width: 655px) 100vw, 655px\" \/>\t\t\t\t\t\t\t\t\t\t\t\t\t\t\t<\/div>\n\t\t\t\t<\/div>\n\t\t\t\t<\/div>\n\t\t\t\t\t<\/div>\n\t\t\t\t<\/div>\n\t\t<div class=\"has_ae_slider elementor-element elementor-element-60f331e e-con-full e-flex ae-bg-gallery-type-default e-con e-parent\" data-id=\"60f331e\" data-element_type=\"container\" data-e-type=\"container\">\n\t\t<div class=\"has_ae_slider elementor-element elementor-element-fcf84ee e-con-full e-flex ae-bg-gallery-type-default e-con e-child\" data-id=\"fcf84ee\" data-element_type=\"container\" data-e-type=\"container\" data-settings=\"{&quot;background_background&quot;:&quot;classic&quot;}\">\n\t\t\t\t<\/div>\n\t\t\t\t<\/div>\n\t\t\t\t<\/div>","protected":false},"excerpt":{"rendered":"<p>A propos du Docteur Jean-Charles Bauchau Le Dr Bauchau a \u00e9tudi\u00e9 la m\u00e9decine \u00e0 l&rsquo;Universit\u00e9 Catholique de Louvain (Bruxelles), o\u00f9 il a obtenu son dipl\u00f4me avec grande distinction. Il se sp\u00e9cialise ensuite en ophtalmologie au sein de divers \u00e9tablissements en Belgique et en France, notamment aux Cliniques Universitaires Saint-Luc et au Centre Hospitalier Universitaire Mont-Godinne. [&hellip;]<\/p>\n","protected":false},"author":1,"featured_media":0,"parent":0,"menu_order":0,"comment_status":"closed","ping_status":"closed","template":"","meta":{"_acf_changed":false,"footnotes":""},"class_list":["post-27","page","type-page","status-publish","hentry"],"acf":[],"_links":{"self":[{"href":"https:\/\/docteurbauchau.be\/en\/wp-json\/wp\/v2\/pages\/27","targetHints":{"allow":["GET"]}}],"collection":[{"href":"https:\/\/docteurbauchau.be\/en\/wp-json\/wp\/v2\/pages"}],"about":[{"href":"https:\/\/docteurbauchau.be\/en\/wp-json\/wp\/v2\/types\/page"}],"author":[{"embeddable":true,"href":"https:\/\/docteurbauchau.be\/en\/wp-json\/wp\/v2\/users\/1"}],"replies":[{"embeddable":true,"href":"https:\/\/docteurbauchau.be\/en\/wp-json\/wp\/v2\/comments?post=27"}],"version-history":[{"count":156,"href":"https:\/\/docteurbauchau.be\/en\/wp-json\/wp\/v2\/pages\/27\/revisions"}],"predecessor-version":[{"id":3795,"href":"https:\/\/docteurbauchau.be\/en\/wp-json\/wp\/v2\/pages\/27\/revisions\/3795"}],"wp:attachment":[{"href":"https:\/\/docteurbauchau.be\/en\/wp-json\/wp\/v2\/media?parent=27"}],"curies":[{"name":"wp","href":"https:\/\/api.w.org\/{rel}","templated":true}]}}